{"id":31,"date":"2020-01-17T15:27:57","date_gmt":"2020-01-17T15:27:57","guid":{"rendered":"https:\/\/demosites.io\/web-agency\/?page_id=31"},"modified":"2025-04-27T18:30:30","modified_gmt":"2025-04-27T16:30:30","slug":"300f0-web-agency-contact","status":"publish","type":"page","link":"https:\/\/geometretarn.fr\/axiwp\/300f0-web-agency-contact\/","title":{"rendered":"Contact"},"content":{"rendered":"\t\t<div data-elementor-type=\"wp-page\" data-elementor-id=\"31\" class=\"elementor elementor-31\" data-elementor-settings=\"[]\">\n\t\t\t\t\t\t\t<div class=\"elementor-section-wrap\">\n\t\t\t\t\t\t\t<section class=\"elementor-section elementor-top-section elementor-element elementor-element-21f4f79 elementor-section-boxed elementor-section-height-default elementor-section-height-default\" data-id=\"21f4f79\" data-element_type=\"section\">\n\t\t\t\t\t\t<div class=\"elementor-container elementor-column-gap-default\">\n\t\t\t\t\t<div class=\"elementor-column elementor-col-50 elementor-top-column elementor-element elementor-element-4c8cd5c\" data-id=\"4c8cd5c\" data-element_type=\"column\">\n\t\t\t<div class=\"elementor-widget-wrap elementor-element-populated\">\n\t\t\t\t\t\t\t\t<div class=\"elementor-element elementor-element-281dc08 elementor-widget elementor-widget-heading\" data-id=\"281dc08\" data-element_type=\"widget\" data-widget_type=\"heading.default\">\n\t\t\t\t<div class=\"elementor-widget-container\">\n\t\t\t<h1 class=\"elementor-heading-title elementor-size-xxl\"><span style=\"font-family: Poppins; white-space: normal; background-color: var(--nv-site-bg);\">Contactez-nous<\/span><\/h1>\t\t<\/div>\n\t\t\t\t<\/div>\n\t\t\t\t\t<\/div>\n\t\t<\/div>\n\t\t\t\t<div class=\"elementor-column elementor-col-25 elementor-top-column elementor-element elementor-element-a8046f9\" data-id=\"a8046f9\" data-element_type=\"column\">\n\t\t\t<div class=\"elementor-widget-wrap elementor-element-populated\">\n\t\t\t\t\t\t\t\t<div class=\"elementor-element elementor-element-e1abe68 elementor-view-stacked elementor-shape-circle elementor-position-top elementor-vertical-align-top elementor-widget elementor-widget-icon-box\" data-id=\"e1abe68\" data-element_type=\"widget\" data-widget_type=\"icon-box.default\">\n\t\t\t\t<div class=\"elementor-widget-container\">\n\t\t\t\t\t<div class=\"elementor-icon-box-wrapper\">\n\t\t\t\t\t\t<div class=\"elementor-icon-box-icon\">\n\t\t\t\t<a class=\"elementor-icon elementor-animation-\" href=\"mailto:geometre@axiap.fr\">\n\t\t\t\t<i aria-hidden=\"true\" class=\"fas fa-envelope\"><\/i>\t\t\t\t<\/a>\n\t\t\t<\/div>\n\t\t\t\t\t\t<div class=\"elementor-icon-box-content\">\n\t\t\t\t<h3 class=\"elementor-icon-box-title\">\n\t\t\t\t\t<a href=\"mailto:geometre@axiap.fr\">geometre@axiap.fr<\/a>\n\t\t\t\t<\/h3>\n\t\t\t\t\t\t\t<\/div>\n\t\t<\/div>\n\t\t\t\t<\/div>\n\t\t\t\t<\/div>\n\t\t\t\t\t<\/div>\n\t\t<\/div>\n\t\t\t\t<div class=\"elementor-column elementor-col-25 elementor-top-column elementor-element elementor-element-c774c75\" data-id=\"c774c75\" data-element_type=\"column\">\n\t\t\t<div class=\"elementor-widget-wrap elementor-element-populated\">\n\t\t\t\t\t\t\t\t<div class=\"elementor-element elementor-element-503f512 elementor-view-stacked elementor-shape-circle elementor-position-top elementor-vertical-align-top elementor-widget elementor-widget-icon-box\" data-id=\"503f512\" data-element_type=\"widget\" data-widget_type=\"icon-box.default\">\n\t\t\t\t<div class=\"elementor-widget-container\">\n\t\t\t\t\t<div class=\"elementor-icon-box-wrapper\">\n\t\t\t\t\t\t<div class=\"elementor-icon-box-icon\">\n\t\t\t\t<a class=\"elementor-icon elementor-animation-\" href=\"\">\n\t\t\t\t<i aria-hidden=\"true\" class=\"fas fa-phone\"><\/i>\t\t\t\t<\/a>\n\t\t\t<\/div>\n\t\t\t\t\t\t<div class=\"elementor-icon-box-content\">\n\t\t\t\t<h3 class=\"elementor-icon-box-title\">\n\t\t\t\t\t<a href=\"\">05 63 38 31 04<\/a>\n\t\t\t\t<\/h3>\n\t\t\t\t\t\t\t<\/div>\n\t\t<\/div>\n\t\t\t\t<\/div>\n\t\t\t\t<\/div>\n\t\t\t\t\t<\/div>\n\t\t<\/div>\n\t\t\t\t\t\t\t<\/div>\n\t\t<\/section>\n\t\t\t\t<section class=\"elementor-section elementor-top-section elementor-element elementor-element-6c6f8fc elementor-section-boxed elementor-section-height-default elementor-section-height-default\" data-id=\"6c6f8fc\" data-element_type=\"section\" data-settings=\"{&quot;background_background&quot;:&quot;classic&quot;}\">\n\t\t\t\t\t\t<div class=\"elementor-container elementor-column-gap-default\">\n\t\t\t\t\t<div class=\"elementor-column elementor-col-33 elementor-top-column elementor-element elementor-element-e5fcb2e\" data-id=\"e5fcb2e\" data-element_type=\"column\" data-settings=\"{&quot;background_background&quot;:&quot;classic&quot;}\">\n\t\t\t<div class=\"elementor-widget-wrap elementor-element-populated\">\n\t\t\t\t\t\t\t\t<div class=\"elementor-element elementor-element-019ccb1 elementor-view-stacked elementor-shape-circle elementor-position-top elementor-vertical-align-top elementor-widget elementor-widget-icon-box\" data-id=\"019ccb1\" data-element_type=\"widget\" data-widget_type=\"icon-box.default\">\n\t\t\t\t<div class=\"elementor-widget-container\">\n\t\t\t\t\t<div class=\"elementor-icon-box-wrapper\">\n\t\t\t\t\t\t<div class=\"elementor-icon-box-icon\">\n\t\t\t\t<a class=\"elementor-icon elementor-animation-\" href=\"https:\/\/www.google.com\/maps\/place\/AXIAP+-+GEOMETRE+EXPERT+%C3%A0+ALBI\/@43.9311199,2.1719995,14z\/data=!3m1!5s0x12ade88f17fa9127:0x96b692a958a7523!4m6!3m5!1s0x12ade7d98c6dfdd7:0xaff4fb06a20e5f66!8m2!3d43.9341689!4d2.189881!16s%2Fg%2F1tk405mg!5m1!1e4?entry=ttu&#038;g_ep=EgoyMDI1MDQyMy4wIKXMDSoASAFQAw%3D%3D\" target=\"_blank\">\n\t\t\t\t<i aria-hidden=\"true\" class=\"fas fa-map-marker-alt\"><\/i>\t\t\t\t<\/a>\n\t\t\t<\/div>\n\t\t\t\t\t\t<div class=\"elementor-icon-box-content\">\n\t\t\t\t<h3 class=\"elementor-icon-box-title\">\n\t\t\t\t\t<a href=\"https:\/\/www.google.com\/maps\/place\/AXIAP+-+GEOMETRE+EXPERT+%C3%A0+ALBI\/@43.9311199,2.1719995,14z\/data=!3m1!5s0x12ade88f17fa9127:0x96b692a958a7523!4m6!3m5!1s0x12ade7d98c6dfdd7:0xaff4fb06a20e5f66!8m2!3d43.9341689!4d2.189881!16s%2Fg%2F1tk405mg!5m1!1e4?entry=ttu&#038;g_ep=EgoyMDI1MDQyMy4wIKXMDSoASAFQAw%3D%3D\" target=\"_blank\">Bureau Principal \u00e0 Albi<\/a>\n\t\t\t\t<\/h3>\n\t\t\t\t\t\t\t\t<p class=\"elementor-icon-box-description\">51 Rue Isaac Newton - Bat. B3 <br> 81000 ALBI<\/p>\n\t\t\t\t\t\t\t<\/div>\n\t\t<\/div>\n\t\t\t\t<\/div>\n\t\t\t\t<\/div>\n\t\t\t\t<div class=\"elementor-element elementor-element-54134e5 elementor-widget elementor-widget-text-editor\" data-id=\"54134e5\" data-element_type=\"widget\" data-widget_type=\"text-editor.default\">\n\t\t\t\t<div class=\"elementor-widget-container\">\n\t\t\t\t\t<div class=\"elementor-text-editor elementor-clearfix\">Du lundi au Vendredi <Br> de 9h00 \u00e0 12h00 et de 14h00 \u00e0 17h00<\/div>\n\t\t\t\t<\/div>\n\t\t\t\t<\/div>\n\t\t\t\t\t<\/div>\n\t\t<\/div>\n\t\t\t\t<div class=\"elementor-column elementor-col-33 elementor-top-column elementor-element elementor-element-845f34c\" data-id=\"845f34c\" data-element_type=\"column\" data-settings=\"{&quot;background_background&quot;:&quot;classic&quot;}\">\n\t\t\t<div class=\"elementor-widget-wrap elementor-element-populated\">\n\t\t\t\t\t\t\t\t<div class=\"elementor-element elementor-element-b057d26 elementor-view-stacked elementor-shape-circle elementor-position-top elementor-vertical-align-top elementor-widget elementor-widget-icon-box\" data-id=\"b057d26\" data-element_type=\"widget\" data-widget_type=\"icon-box.default\">\n\t\t\t\t<div class=\"elementor-widget-container\">\n\t\t\t\t\t<div class=\"elementor-icon-box-wrapper\">\n\t\t\t\t\t\t<div class=\"elementor-icon-box-icon\">\n\t\t\t\t<a class=\"elementor-icon elementor-animation-\" href=\"https:\/\/www.google.com\/maps\/place\/AXIAP+-+GEOMETRE+EXPERT+%C3%A0+GAILLAC\/@43.9015615,1.8870758,16z\/data=!3m1!4b1!4m6!3m5!1s0x12add23016a25419:0xa00f07e6343ea183!8m2!3d43.9015577!4d1.8896507!16s%2Fg%2F11b6dqt9g8!5m1!1e4?entry=ttu&#038;g_ep=EgoyMDI1MDQyMy4wIKXMDSoASAFQAw%3D%3D\" target=\"_blank\">\n\t\t\t\t<i aria-hidden=\"true\" class=\"fas fa-map-marker-alt\"><\/i>\t\t\t\t<\/a>\n\t\t\t<\/div>\n\t\t\t\t\t\t<div class=\"elementor-icon-box-content\">\n\t\t\t\t<h3 class=\"elementor-icon-box-title\">\n\t\t\t\t\t<a href=\"https:\/\/www.google.com\/maps\/place\/AXIAP+-+GEOMETRE+EXPERT+%C3%A0+GAILLAC\/@43.9015615,1.8870758,16z\/data=!3m1!4b1!4m6!3m5!1s0x12add23016a25419:0xa00f07e6343ea183!8m2!3d43.9015577!4d1.8896507!16s%2Fg%2F11b6dqt9g8!5m1!1e4?entry=ttu&#038;g_ep=EgoyMDI1MDQyMy4wIKXMDSoASAFQAw%3D%3D\" target=\"_blank\">Permanence \u00e0 Gaillac<\/a>\n\t\t\t\t<\/h3>\n\t\t\t\t\t\t\t\t<p class=\"elementor-icon-box-description\">24 Avenue St-Exup\u00e9ry<br>81600 GAILLAC<\/p>\n\t\t\t\t\t\t\t<\/div>\n\t\t<\/div>\n\t\t\t\t<\/div>\n\t\t\t\t<\/div>\n\t\t\t\t<div class=\"elementor-element elementor-element-fa6178c elementor-widget elementor-widget-text-editor\" data-id=\"fa6178c\" data-element_type=\"widget\" data-widget_type=\"text-editor.default\">\n\t\t\t\t<div class=\"elementor-widget-container\">\n\t\t\t\t\t<div class=\"elementor-text-editor elementor-clearfix\"><p>Mardi et Jeudi \u00a0de\u00a09h00 \u00e0 12h00<\/p><\/div>\n\t\t\t\t<\/div>\n\t\t\t\t<\/div>\n\t\t\t\t\t<\/div>\n\t\t<\/div>\n\t\t\t\t<div class=\"elementor-column elementor-col-33 elementor-top-column elementor-element elementor-element-0f83f67\" data-id=\"0f83f67\" data-element_type=\"column\" data-settings=\"{&quot;background_background&quot;:&quot;classic&quot;}\">\n\t\t\t<div class=\"elementor-widget-wrap elementor-element-populated\">\n\t\t\t\t\t\t\t\t<div class=\"elementor-element elementor-element-59f89dc elementor-view-stacked elementor-shape-circle elementor-position-top elementor-vertical-align-top elementor-widget elementor-widget-icon-box\" data-id=\"59f89dc\" data-element_type=\"widget\" data-widget_type=\"icon-box.default\">\n\t\t\t\t<div class=\"elementor-widget-container\">\n\t\t\t\t\t<div class=\"elementor-icon-box-wrapper\">\n\t\t\t\t\t\t<div class=\"elementor-icon-box-icon\">\n\t\t\t\t<a class=\"elementor-icon elementor-animation-\" href=\"https:\/\/www.google.com\/maps\/place\/AXIAP+-+GEOMETRE+EXPERT+%C3%A0+CASTRES\/@43.610064,2.2353849,17z\/data=!3m1!4b1!4m6!3m5!1s0x12ade1adca67b069:0xd5aa560bf9c2eef!8m2!3d43.6100601!4d2.2379598!16s%2Fg%2F11f9vd9v1r!5m1!1e4?entry=ttu&#038;g_ep=EgoyMDI1MDQyMy4wIKXMDSoASAFQAw%3D%3D\" target=\"_blank\">\n\t\t\t\t<i aria-hidden=\"true\" class=\"fas fa-map-marker-alt\"><\/i>\t\t\t\t<\/a>\n\t\t\t<\/div>\n\t\t\t\t\t\t<div class=\"elementor-icon-box-content\">\n\t\t\t\t<h3 class=\"elementor-icon-box-title\">\n\t\t\t\t\t<a href=\"https:\/\/www.google.com\/maps\/place\/AXIAP+-+GEOMETRE+EXPERT+%C3%A0+CASTRES\/@43.610064,2.2353849,17z\/data=!3m1!4b1!4m6!3m5!1s0x12ade1adca67b069:0xd5aa560bf9c2eef!8m2!3d43.6100601!4d2.2379598!16s%2Fg%2F11f9vd9v1r!5m1!1e4?entry=ttu&#038;g_ep=EgoyMDI1MDQyMy4wIKXMDSoASAFQAw%3D%3D\" target=\"_blank\">Permanence \u00e0 Castres<\/a>\n\t\t\t\t<\/h3>\n\t\t\t\t\t\t\t\t<p class=\"elementor-icon-box-description\">6 Av. Augustin Malroux<br>81100 CASTRES<\/p>\n\t\t\t\t\t\t\t<\/div>\n\t\t<\/div>\n\t\t\t\t<\/div>\n\t\t\t\t<\/div>\n\t\t\t\t<div class=\"elementor-element elementor-element-813d0e0 elementor-widget elementor-widget-text-editor\" data-id=\"813d0e0\" data-element_type=\"widget\" data-widget_type=\"text-editor.default\">\n\t\t\t\t<div class=\"elementor-widget-container\">\n\t\t\t\t\t<div class=\"elementor-text-editor elementor-clearfix\"><p>Mardi et Vendredi\u00a0 de\u00a014h00 \u00e0 17h00<\/p><\/div>\n\t\t\t\t<\/div>\n\t\t\t\t<\/div>\n\t\t\t\t\t<\/div>\n\t\t<\/div>\n\t\t\t\t\t\t\t<\/div>\n\t\t<\/section>\n\t\t\t\t\t\t<\/div>\n\t\t\t\t\t<\/div>\n\t\t","protected":false},"excerpt":{"rendered":"<p>Contactez-nous geometre@axiap.fr 05 63 38 31 04 Bureau Principal \u00e0 Albi 51 Rue Isaac Newton &#8211; Bat. B3 81000 ALBI Du lundi au Vendredi de 9h00 \u00e0 12h00 et de 14h00 \u00e0 17h00 Permanence \u00e0 Gaillac 24 Avenue St-Exup\u00e9ry81600 GAILLAC Mardi et Jeudi \u00a0de\u00a09h00 \u00e0 12h00 Permanence \u00e0 Castres 6 Av. Augustin Malroux81100 CASTRES Mardi&hellip;&nbsp;<a href=\"https:\/\/geometretarn.fr\/axiwp\/300f0-web-agency-contact\/\" class=\"\" rel=\"bookmark\">Lire la suite &raquo;<span class=\"screen-reader-text\">Contact<\/span><\/a><\/p>\n","protected":false},"author":1,"featured_media":0,"parent":0,"menu_order":0,"comment_status":"closed","ping_status":"closed","template":"elementor_header_footer","meta":{"neve_meta_sidebar":"full-width","neve_meta_container":"","neve_meta_enable_content_width":"on","neve_meta_content_width":100,"neve_meta_title_alignment":"","neve_meta_author_avatar":"","neve_post_elements_order":"","neve_meta_disable_header":"","neve_meta_disable_footer":"","neve_meta_disable_title":"","_ti_tpc_template_sync":false,"_ti_tpc_template_id":"phe0haj9et09az6ykuvv","footnotes":""},"class_list":["post-31","page","type-page","status-publish","hentry"],"yoast_head":"<!-- This site is optimized with the Yoast SEO plugin v15.7 - https:\/\/yoast.com\/wordpress\/plugins\/seo\/ -->\n<title>AXIAP - G\u00e9om\u00e8tre Expert Tarn<\/title>\n<meta name=\"description\" content=\"Votre g\u00e9om\u00e8tre expert dans le Tarn pour particulier et professionnel : foncier, urbanisme, topographie, copropri\u00e9t\u00e9, scanner 3D, relev\u00e9 d\u2019architecture, ma\u00eetrise d\u2019\u0153uvre\u2026 Intervention sur Albi, Castres, Gaillac...\" \/>\n<meta name=\"robots\" content=\"index, follow, max-snippet:-1, max-image-preview:large, max-video-preview:-1\" \/>\n<link rel=\"canonical\" href=\"https:\/\/geometretarn.fr\/axiwp\/300f0-web-agency-contact\/\" \/>\n<meta property=\"og:locale\" content=\"fr_FR\" \/>\n<meta property=\"og:type\" content=\"article\" \/>\n<meta property=\"og:title\" content=\"AXIAP - G\u00e9om\u00e8tre Expert Tarn\" \/>\n<meta property=\"og:description\" content=\"Votre g\u00e9om\u00e8tre expert dans le Tarn pour particulier et professionnel : foncier, urbanisme, topographie, copropri\u00e9t\u00e9, scanner 3D, relev\u00e9 d\u2019architecture, ma\u00eetrise d\u2019\u0153uvre\u2026 Intervention sur Albi, Castres, Gaillac...\" \/>\n<meta property=\"og:url\" content=\"https:\/\/geometretarn.fr\/axiwp\/300f0-web-agency-contact\/\" \/>\n<meta property=\"og:site_name\" content=\"AXIAP\" \/>\n<meta property=\"article:modified_time\" content=\"2025-04-27T16:30:30+00:00\" \/>\n<meta name=\"twitter:card\" content=\"summary_large_image\" \/>\n<meta name=\"twitter:label1\" content=\"Dur\u00e9e de lecture est.\">\n\t<meta name=\"twitter:data1\" content=\"1 minute\">\n<script type=\"application\/ld+json\" class=\"yoast-schema-graph\">{\"@context\":\"https:\/\/schema.org\",\"@graph\":[{\"@type\":\"WebSite\",\"@id\":\"https:\/\/geometretarn.fr\/axiwp\/#website\",\"url\":\"https:\/\/geometretarn.fr\/axiwp\/\",\"name\":\"AXIAP\",\"description\":\"G\\u00e9om\\u00e8tre expert du Tarn\",\"potentialAction\":[{\"@type\":\"SearchAction\",\"target\":\"https:\/\/geometretarn.fr\/axiwp\/?s={search_term_string}\",\"query-input\":\"required name=search_term_string\"}],\"inLanguage\":\"fr-FR\"},{\"@type\":\"WebPage\",\"@id\":\"https:\/\/geometretarn.fr\/axiwp\/300f0-web-agency-contact\/#webpage\",\"url\":\"https:\/\/geometretarn.fr\/axiwp\/300f0-web-agency-contact\/\",\"name\":\"AXIAP - G\\u00e9om\\u00e8tre Expert Tarn\",\"isPartOf\":{\"@id\":\"https:\/\/geometretarn.fr\/axiwp\/#website\"},\"datePublished\":\"2020-01-17T15:27:57+00:00\",\"dateModified\":\"2025-04-27T16:30:30+00:00\",\"description\":\"Votre g\\u00e9om\\u00e8tre expert dans le Tarn pour particulier et professionnel : foncier, urbanisme, topographie, copropri\\u00e9t\\u00e9, scanner 3D, relev\\u00e9 d\\u2019architecture, ma\\u00eetrise d\\u2019\\u0153uvre\\u2026 Intervention sur Albi, Castres, Gaillac...\",\"inLanguage\":\"fr-FR\",\"potentialAction\":[{\"@type\":\"ReadAction\",\"target\":[\"https:\/\/geometretarn.fr\/axiwp\/300f0-web-agency-contact\/\"]}]}]}<\/script>\n<!-- \/ Yoast SEO plugin. -->","_links":{"self":[{"href":"https:\/\/geometretarn.fr\/axiwp\/wp-json\/wp\/v2\/pages\/31"}],"collection":[{"href":"https:\/\/geometretarn.fr\/axiwp\/wp-json\/wp\/v2\/pages"}],"about":[{"href":"https:\/\/geometretarn.fr\/axiwp\/wp-json\/wp\/v2\/types\/page"}],"author":[{"embeddable":true,"href":"https:\/\/geometretarn.fr\/axiwp\/wp-json\/wp\/v2\/users\/1"}],"replies":[{"embeddable":true,"href":"https:\/\/geometretarn.fr\/axiwp\/wp-json\/wp\/v2\/comments?post=31"}],"version-history":[{"count":40,"href":"https:\/\/geometretarn.fr\/axiwp\/wp-json\/wp\/v2\/pages\/31\/revisions"}],"predecessor-version":[{"id":969,"href":"https:\/\/geometretarn.fr\/axiwp\/wp-json\/wp\/v2\/pages\/31\/revisions\/969"}],"wp:attachment":[{"href":"https:\/\/geometretarn.fr\/axiwp\/wp-json\/wp\/v2\/media?parent=31"}],"curies":[{"name":"wp","href":"https:\/\/api.w.org\/{rel}","templated":true}]}}